{"id":12,"date":"2019-02-07T20:13:41","date_gmt":"2019-02-07T20:13:41","guid":{"rendered":"http:\/\/dopaminecontent.com\/v1\/welcome\/"},"modified":"2024-10-23T18:39:18","modified_gmt":"2024-10-23T23:39:18","slug":"nosotros","status":"publish","type":"page","link":"https:\/\/dopaminecontent.com\/content\/nosotros\/","title":{"rendered":"Qui\u00e9nes somos"},"content":{"rendered":"<section class=\"wpb-content-wrapper\"><p>[vc_row padding_top_multiplier=\u00bb\u00bb][vc_column]<h3 class=\"eut-element eut-title eut-align-center eut-h2 eut-title-gradient eut-gradient-1-black eut-gradient-2-black\" style=\"margin-bottom: 0px;\"><span>Qui\u00e9nes somos<span class=\"eut-title-line eut-title-left-line eut-bg-primary-1\" style=\"width: 60px;height: 1px;\"><\/span><\/span><\/h3><div class=\"eut-empty-space eut-height-1x\" style=\"\"><\/div>[vc_column_text]<span data-contrast=\"none\">Dopamine ha coproducido series en todo el mundo bajo el <\/span><b><span data-contrast=\"none\">modelo multiventana<\/span><\/b><span data-contrast=\"none\">: \u202f<\/span><b><span data-contrast=\"none\">Mar\u00eda Magdalena<\/span><\/b><span data-contrast=\"none\">\u202f(Sony, 2019),\u202f<\/span><b><span data-contrast=\"none\">Hern\u00e1n<\/span><\/b><span data-contrast=\"none\">\u202f(Onza, 2020),\u202f<\/span><b><span data-contrast=\"none\">Close to me\u202f<\/span><\/b><span data-contrast=\"none\">(Grupo Nent, 2021);\u202f<\/span><b><span data-contrast=\"none\">Supertitl\u00e1n<\/span><\/b><span data-contrast=\"none\">\u202f(NBC, 2022) y <\/span><b><span data-contrast=\"none\">Campamento Newton<\/span><\/b><span data-contrast=\"none\"> (Grupo Secuoya, 2022), <\/span><b><span data-contrast=\"none\">Future from above<\/span><\/b><span data-contrast=\"none\"> (Off\u00a0 the fence, 2023); <\/span><b><span data-contrast=\"none\">Granite <\/span><\/b><span data-contrast=\"none\">Harbour (Eccho Rights y LA Productions, 2020 y 2023) y <\/span><b><span data-contrast=\"none\">Cicatriz <\/span><\/b><span data-contrast=\"none\">(Plano a Plano y Asacha Media, 2024). En el Caso de Hern\u00e1n y Supertitl\u00e1n, ha realizado la creaci\u00f3n y producci\u00f3n f\u00edsica de los proyectos.<\/span><span data-ccp-props=\"{&quot;134233117&quot;:true,&quot;134233118&quot;:true}\">\u00a0<\/span><\/p>\n<p><span data-contrast=\"none\">En el modelo de <\/span><b><span data-contrast=\"none\">Originales <\/span><\/b><span data-contrast=\"none\">para plataformas, ha creado y producido\u202f<\/span><b><span data-contrast=\"none\">Amarres<\/span><\/b><span data-contrast=\"none\">\u202f(HBO Max, 2020), <\/span><b><span data-contrast=\"none\">B\u00fanker<\/span><\/b><span data-contrast=\"none\">\u202f(HBO Max, 2022), <\/span><b><span data-contrast=\"none\">Reina Roja<\/span><\/b><span data-contrast=\"none\">\u202f(Prime Video, 2024), al que sigue en 2025 su segunda parte, <\/span><b><span data-contrast=\"none\">Loba Negra)<\/span><\/b><span data-contrast=\"none\">, y la s\u00faper serie de acci\u00f3n fant\u00e1stica <\/span><b><span data-contrast=\"none\">C\u00f3yotl<\/span><\/b><span data-contrast=\"none\"> (MAX \u2013 Warner Bross.Discovery<\/span><b><span data-contrast=\"none\">,<\/span><\/b><span data-contrast=\"none\"> 2025).<\/span><span data-ccp-props=\"{&quot;134233117&quot;:true,&quot;134233118&quot;:true}\">\u00a0<\/span><\/p>\n<p><span data-contrast=\"none\">En el terreno del entretenimiento, se ha realizado un cat\u00e1logo de 18 paper formats, estrenando para HBO Max <\/span><b><span data-contrast=\"none\">40 no es nada<\/span><\/b><span data-contrast=\"none\"> y para TV Azteca, se ha opcionado y producido el concurso\u202f<\/span><b><span data-contrast=\"none\">La rueda de la suerte.<\/span><\/b><span data-ccp-props=\"{&quot;134233117&quot;:true,&quot;134233118&quot;:true}\">\u00a0<\/span><\/p>\n<p><span data-contrast=\"none\">En cine, pr\u00f3ximamente se estrenar\u00e1 la primera pel\u00edcula en ingl\u00e9s rodada en Los \u00c1ngeles, <\/span><b><span data-contrast=\"none\">Home Delivery <\/span><\/b><span data-contrast=\"none\">(2024), y la pel\u00edcula\u202f<\/span><b><span data-contrast=\"none\">El Aroma del pasto reci\u00e9n cortado <\/span><\/b><span data-contrast=\"none\">(Infinity Hill, 2024), una coproducci\u00f3n a la que se ha sumado Martin Scorsese como productor ejecutivo, siendo acreedora ya de varios pemios en festivales internacionales.<\/span><span data-ccp-props=\"{}\">\u00a0<\/span><\/p>\n<p><span data-ccp-props=\"{}\">\u00a0<\/span>[\/vc_column_text][\/vc_column][\/vc_row][vc_row section_type=\u00bbfullwidth\u00bb padding_bottom_multiplier=\u00bb\u00bb][vc_column text_align=\u00bbcenter\u00bb][rev_slider_vc alias=\u00bbhernanr\u00bb][\/vc_column][\/vc_row][vc_row rc_bg_type=\u00bbcolor\u00bb separator_top=\u00bbtriangle-separator\u00bb separator_top_size=\u00bb30px\u00bb separator_top_color=\u00bb#090808&#8243; rc_bg_color=\u00bb#ffffff\u00bb][vc_column content_width=\u00bbcustom\u00bb horizontal_content_position=\u00bbcenter\u00bb text_align=\u00bbcenter\u00bb custom_content_width=\u00bb670&#8243;]<div class=\"eut-empty-space eut-height-1x\" style=\"\"><\/div><h3 class=\"eut-element eut-title eut-align-inherit eut-h2\" style=\"margin-bottom: 30px;\"><span>Equipo<\/span><\/h3>[\/vc_column][\/vc_row][vc_row rc_bg_type=\u00bbcolor\u00bb separator_top=\u00bbtriangle-separator\u00bb separator_top_size=\u00bb30px\u00bb separator_top_color=\u00bb#090808&#8243; rc_bg_color=\u00bb#ffffff\u00bb][vc_column content_width=\u00bbcustom\u00bb horizontal_content_position=\u00bbcenter\u00bb text_align=\u00bbcenter\u00bb]<div class=\"eut-empty-space eut-height-1x\" style=\"\"><\/div>[vc_column_text]\n<!-- Page-list plugin v.5.6 wordpress.org\/plugins\/page-list\/ -->\n<div class=\"page-list page-list-ext \">\n<div class=\"page-list-ext-item\"><div class=\"page-list-ext-image\"><a href=\"https:\/\/dopaminecontent.com\/content\/nosotros\/fidela-navarro\/\" title=\"FIDELA NAVARRO\"><img src=\"https:\/\/dopaminecontent.com\/content\/wp-content\/uploads\/2022\/05\/FIDELA_WEB-300x300.jpg\" width=\"300\" alt=\"FIDELA NAVARRO\" \/><\/a><\/div> <div class=\"page-list-ext-item-content\"><a href=\"https:\/\/dopaminecontent.com\/content\/nosotros\/fidela-navarro\/\"><h3>Fidela Navarro<\/h3>\r\n<h6>Directora General<\/h6><\/a><\/div><\/div>\n\n<\/div>[\/vc_column_text][\/vc_column][\/vc_row][vc_row padding_top_multiplier=\u00bb\u00bb padding_bottom_multiplier=\u00bb\u00bb][vc_column]<div class=\"eut-empty-space eut-height-3x\" style=\"\"><\/div>[\/vc_column][\/vc_row]<\/p>\n<\/section>","protected":false},"excerpt":{"rendered":"<p>[vc_row padding_top_multiplier=\u00bb\u00bb][vc_column][vc_column_text]Dopamine ha coproducido series en todo el mundo bajo el modelo multiventana: \u202fMar\u00eda Magdalena\u202f(Sony, 2019),\u202fHern\u00e1n\u202f(Onza, 2020),\u202fClose to me\u202f(Grupo Nent, 2021);\u202fSupertitl\u00e1n\u202f(NBC, 2022) y Campamento Newton (Grupo Secuoya, 2022), Future from above (Off\u00a0 the fence, 2023); Granite Harbour (Eccho Rights y LA Productions, 2020 y 2023) y Cicatriz (Plano a Plano y Asacha Media, 2024). En [&hellip;]<\/p>\n","protected":false},"author":1,"featured_media":0,"parent":0,"menu_order":11,"comment_status":"closed","ping_status":"closed","template":"","meta":{"footnotes":""},"_links":{"self":[{"href":"https:\/\/dopaminecontent.com\/content\/wp-json\/wp\/v2\/pages\/12"}],"collection":[{"href":"https:\/\/dopaminecontent.com\/content\/wp-json\/wp\/v2\/pages"}],"about":[{"href":"https:\/\/dopaminecontent.com\/content\/wp-json\/wp\/v2\/types\/page"}],"author":[{"embeddable":true,"href":"https:\/\/dopaminecontent.com\/content\/wp-json\/wp\/v2\/users\/1"}],"replies":[{"embeddable":true,"href":"https:\/\/dopaminecontent.com\/content\/wp-json\/wp\/v2\/comments?post=12"}],"version-history":[{"count":210,"href":"https:\/\/dopaminecontent.com\/content\/wp-json\/wp\/v2\/pages\/12\/revisions"}],"predecessor-version":[{"id":10131,"href":"https:\/\/dopaminecontent.com\/content\/wp-json\/wp\/v2\/pages\/12\/revisions\/10131"}],"wp:attachment":[{"href":"https:\/\/dopaminecontent.com\/content\/wp-json\/wp\/v2\/media?parent=12"}],"curies":[{"name":"wp","href":"https:\/\/api.w.org\/{rel}","templated":true}]}}