{"id":5848,"date":"2019-08-13T02:27:25","date_gmt":"2019-08-13T02:27:25","guid":{"rendered":"http:\/\/dopaminecontent.com\/v1\/?page_id=5848"},"modified":"2019-08-13T02:29:01","modified_gmt":"2019-08-13T02:29:01","slug":"aviso-de-privacidad","status":"publish","type":"page","link":"https:\/\/dopaminecontent.com\/content\/aviso-de-privacidad\/","title":{"rendered":"Aviso de privacidad"},"content":{"rendered":"<section class=\"wpb-content-wrapper\"><p>[vc_row][vc_column][vc_column_text]<\/p>\n<h2 style=\"text-align: center;\"><strong>Aviso de Privacidad<\/strong><\/h2>\n<p><strong>PRODUCCIONES DOPAMINE, S.A. DE C.V. conocido tambien como DOPAMINE (en adelante Dopamine)\u00a0 con domicilio en Periferico Sur 4118, Fuentes del Pedregal, C.P. 14140, Ciudad de M\u00e9xico, M\u00e9xico, es el responsible del <\/strong>tratamiento de tus datos personales conforme a las disposiciones de la Ley Federal de Protecci\u00f3n de Datos Personales en Posesi\u00f3n de los Particulares (en adelante la \u201cLey\u201d).<\/p>\n<p><strong>Datos Personales<\/strong><\/p>\n<p>Los titulares de sus datos personales pueden navegar por nuestro sitio web sin proporcionar informaci\u00f3n personal. Sin embargo, si deciden contactarnos por cualquiera de los medios que pongamos a su disposici\u00f3n, por ejemplo: correo electr\u00f3nico, redes sociales, v\u00eda telefonica\u00a0 etc., podremos recabar informacion personal pertenciente a las siguientes categorias: Datos de identificaci\u00f3n y contacto, nombre, domicilio, tel\u00e9fono fijo y\/o celular, correo electr\u00f3nico.<\/p>\n<p><strong>Uso de Datos Personales<\/strong><\/p>\n<ul>\n<li>Proporcionar informacion ecaso n su solicitada<\/li>\n<li>Crear una base de datos con la informacion proporcionada por los titulares de sus datos peronales<\/li>\n<\/ul>\n<p><strong>Uso de Cookies<\/strong><\/p>\n<p>El sitio web de Dopamine puede utilizar cookies (peque\u00f1os archivos de texto que el servidor env\u00eda al ordenador de quien accede a la p\u00e1gina). Se trata de una t\u00e9cnica usada de manera habitual en Internet para llevar a cabo determinadas funciones que son consideradas imprescindibles para el correcto funcionamiento y visualizaci\u00f3n del sitio. Las cookies utilizadas en el sitio web tienen, en todo caso, car\u00e1cter temporal con la \u00fanica finalidad de hacer m\u00e1s eficaz su transmisi\u00f3n ulterior y desaparecen al terminar la sesi\u00f3n del usuario. En ning\u00fan caso se utilizar\u00e1n las cookies para recoger informaci\u00f3n de car\u00e1cter personal.<\/p>\n<p><strong>Transferencia de Datos Personales<\/strong><\/p>\n<p>Dopamine, con fundamento en la Ley de Datos Personales y su Reglamento, podr\u00e1 transferir sin consentimiento de su titular, sus datos personales a: (i) Autoridades administrativas y judiciales (ii) Notar\u00edas, contadores, abogados externos, para dar cumplimiento a las finalidades establecidas (iii) Terceros proveedores de servicios, \u00fanica y exclusivamente para el cumplimiento del servicio, en su caso contratado por el cliente.<\/p>\n<p><strong>Derechos del Titular de los Datos Personales<\/strong><\/p>\n<p>Todos los datos personales son tratados de acuerdo a la legislaci\u00f3n aplicable y vigente en el pa\u00eds, por ello informamos desde este momento que los titulares de sus datos personles tienen en todo momento el derecho de: Acceder, Rectificar, Cancelar u Oponerse al tratamiento que le damos a sus datos personales, as\u00ed\u0301 como Revocar el consentimiento otorgado para el tratamiento de los mismos; estos derechos se deber\u00e1n hacer valer de manera personal a trav\u00e9s de la Asistente de Recepci\u00f3n ubicada en el domicilio de Dopamine, persona que se ha designado para tal efecto, quien le proporcionara\u0301 a los titulares de sus datos personales el Formato de Solicitud de Derechos ARCO, mismo que requisitado de manera correcta por los titulares de sus datos personales, deber\u00e1 ser presentado en el domicilio de Dopamine, acompa\u00f1ado de una copia de su identificaci\u00f3n oficial; o bien, enviando un correo electr\u00f3nico a <a href=\"mailto:comunicacion@dopamine.mx\">comunicacion@dopamine.mx<\/a>, a efecto de que le sea proporcionado el Formato de Solicitud de Derechos ARCO, el cual deber\u00e1\u00e1 presentarse debidamente requisitado en los t\u00e9rminos previamente indicados.<\/p>\n<p>El ejercicio de los Derechos ARCO, ser\u00e1 gratuito, debiendo cubrir el titular, en su caso, los gastos de env\u00edo, reproducci\u00f3n y\/o certificaci\u00f3n de documentos; sin embargo, si se reitera dicha solicitud por el mismo Derecho ARCO en un periodo no mayor de 12 meses, tendr\u00e1 un costo que no exceder\u00e1 de 3 d\u00edas de salario m\u00ednimo general vigente en la Ciudad de M\u00e9xico.<\/p>\n<p>En caso de no estar de acuerdo en el tratamiento de sus datos personales, puede acudir ante el Instituto Federa de Acceso a la Informaci\u00f3n (IFAI).<\/p>\n<p><strong>Modificaciones al Aviso de Privacidad<\/strong><\/p>\n<p>El presente aviso puede actualizarse para cumplir con requerimientos legales o con nuestras pr\u00e1cticas de privacidad y protecci\u00f3n de datos. Nos comprometemos a que siempre estar\u00e1 disponible en nuestra p\u00e1gina web el aviso de privacidad actualizado. En caso de que nuestro aviso de privacidad sufra una modificaci\u00f3n considerable y se requiera informarte y solicitar tu consentimiento, te informaremos a trav\u00e9s de nuestra p\u00e1gina web.<\/p>\n<p><strong><u>Consentimiento<\/u><\/strong><\/p>\n<p>En caso de no estar de acuerdo con el tratamiento que daremos a los datos personales de sus titulares (incluyendo la transferencia de los mismos), deber\u00e1n abstenerse de proporcionarlos, ya que de lo contrario se entender\u00e1n por entendidos y aceptados en t\u00e9rminos del presente aviso de privacidad y autorizado el tratamiento previamente descrito.<\/p>\n<p>[\/vc_column_text][\/vc_column][\/vc_row]<\/p>\n<\/section>","protected":false},"excerpt":{"rendered":"<p>[vc_row][vc_column][vc_column_text] Aviso de Privacidad PRODUCCIONES DOPAMINE, S.A. DE C.V. conocido tambien como DOPAMINE (en adelante Dopamine)\u00a0 con domicilio en Periferico Sur 4118, Fuentes del Pedregal, C.P. 14140, Ciudad de M\u00e9xico, M\u00e9xico, es el responsible del tratamiento de tus datos personales conforme a las disposiciones de la Ley Federal de Protecci\u00f3n de Datos Personales en Posesi\u00f3n [&hellip;]<\/p>\n","protected":false},"author":1,"featured_media":0,"parent":0,"menu_order":8,"comment_status":"closed","ping_status":"closed","template":"","meta":{"footnotes":""},"_links":{"self":[{"href":"https:\/\/dopaminecontent.com\/content\/wp-json\/wp\/v2\/pages\/5848"}],"collection":[{"href":"https:\/\/dopaminecontent.com\/content\/wp-json\/wp\/v2\/pages"}],"about":[{"href":"https:\/\/dopaminecontent.com\/content\/wp-json\/wp\/v2\/types\/page"}],"author":[{"embeddable":true,"href":"https:\/\/dopaminecontent.com\/content\/wp-json\/wp\/v2\/users\/1"}],"replies":[{"embeddable":true,"href":"https:\/\/dopaminecontent.com\/content\/wp-json\/wp\/v2\/comments?post=5848"}],"version-history":[{"count":1,"href":"https:\/\/dopaminecontent.com\/content\/wp-json\/wp\/v2\/pages\/5848\/revisions"}],"predecessor-version":[{"id":5849,"href":"https:\/\/dopaminecontent.com\/content\/wp-json\/wp\/v2\/pages\/5848\/revisions\/5849"}],"wp:attachment":[{"href":"https:\/\/dopaminecontent.com\/content\/wp-json\/wp\/v2\/media?parent=5848"}],"curies":[{"name":"wp","href":"https:\/\/api.w.org\/{rel}","templated":true}]}}