{"id":6951,"date":"2020-04-08T18:46:34","date_gmt":"2020-04-08T18:46:34","guid":{"rendered":"https:\/\/dopaminecontent.com\/v1\/?page_id=6951"},"modified":"2024-10-23T18:41:07","modified_gmt":"2024-10-23T23:41:07","slug":"about-us","status":"publish","type":"page","link":"https:\/\/dopaminecontent.com\/content\/en\/about-us\/","title":{"rendered":"About us"},"content":{"rendered":"<section class=\"wpb-content-wrapper\"><p>[vc_row padding_top_multiplier=\u00bb\u00bb][vc_column]<h3 class=\"eut-element eut-title eut-align-center eut-h2 eut-title-gradient eut-gradient-1-black eut-gradient-2-black\" style=\"margin-bottom: 0px;\"><span>About us<span class=\"eut-title-line eut-title-left-line eut-bg-primary-1\" style=\"width: 60px;height: 1px;\"><\/span><\/span><\/h3><div class=\"eut-empty-space eut-height-1x\" style=\"\"><\/div>[vc_column_text]<\/p>\n<div class=\"page\" title=\"Page 2\">\n<div class=\"section\">\n<div class=\"layoutArea\">\n<div class=\"column\">\n<p id=\"geom_inter_1729726260516_0_5\" data-olk-copy-source=\"MessageBody\">Dopamine has co-produced series worldwide under the multi-window model: Mar\u00eda Magdalena (Sony, 2019), Hern\u00e1n (Onza, 2020), Close to Me (Grupo Nent, 2021); Supertitl\u00e1n (NBC, 2022) and Campamento Newton (Grupo Secuoya, 2022), Future from Above (Off the Fence, 2023); Granite Harbour (Eccho Rights and LA Productions, 2020 and 2023) and Cicatriz (Plano a Plano and Asacha Media, 2024). In the case of Hern\u00e1n and Supertitl\u00e1n, it has handled the creation and physical production of the projects.<\/p>\n<p id=\"geom_inter_1729726260517_34_6\">In the model of Originals for platforms, it has created and produced Amarres (HBO Max, 2020), B\u00fanker (HBO Max, 2022), Reina Roja (Prime Video, 2024), followed by its second part, Loba Negra, in 2025, and the super series of fantasy action C\u00f3yotl (MAX \u2013 Warner Bros. Discovery, 2025).<\/p>\n<p id=\"geom_inter_1729726260517_4_7\">In the entertainment sector, a catalog of 18 paper formats has been developed, launching 40 No es Nada for HBO Max and for TV Azteca, the game show La rueda de la suerte has been optioned and produced.<\/p>\n<p id=\"geom_inter_1729726269517_37_11\">In cinema, the first English-language film shot in Los Angeles, Home Delivery (2024), will be released soon, along with the film El Aroma del pasto reci\u00e9n cortado (Infinity Hill, 2024), a co-production that Martin Scorsese has joined as executive producer, which has already won several awards at international festivals.<\/p>\n<\/div>\n<\/div>\n<\/div>\n<\/div>\n<p>[\/vc_column_text][\/vc_column][\/vc_row][vc_row section_type=\u00bbfullwidth\u00bb padding_bottom_multiplier=\u00bb\u00bb][vc_column text_align=\u00bbcenter\u00bb][rev_slider_vc alias=\u00bbhernanr\u00bb][\/vc_column][\/vc_row][vc_row rc_bg_type=\u00bbcolor\u00bb separator_top=\u00bbtriangle-separator\u00bb separator_top_size=\u00bb30px\u00bb separator_top_color=\u00bb#090808&#8243; rc_bg_color=\u00bb#ffffff\u00bb][vc_column content_width=\u00bbcustom\u00bb horizontal_content_position=\u00bbcenter\u00bb text_align=\u00bbcenter\u00bb custom_content_width=\u00bb670&#8243;]<div class=\"eut-empty-space eut-height-1x\" style=\"\"><\/div><h3 class=\"eut-element eut-title eut-align-inherit eut-h2\" style=\"margin-bottom: 30px;\"><span>Team<\/span><\/h3>[\/vc_column][\/vc_row][vc_row rc_bg_type=\u00bbcolor\u00bb separator_top=\u00bbtriangle-separator\u00bb separator_top_size=\u00bb30px\u00bb separator_top_color=\u00bb#090808&#8243; rc_bg_color=\u00bb#ffffff\u00bb][vc_column content_width=\u00bbcustom\u00bb horizontal_content_position=\u00bbcenter\u00bb text_align=\u00bbcenter\u00bb]<div class=\"eut-empty-space eut-height-1x\" style=\"\"><\/div>[vc_column_text]\n<!-- Page-list plugin v.5.6 wordpress.org\/plugins\/page-list\/ -->\n<div class=\"page-list page-list-ext \">\n<div class=\"page-list-ext-item\"><div class=\"page-list-ext-image\"><a href=\"https:\/\/dopaminecontent.com\/content\/en\/about-us\/fidela-navarro\/\" title=\"FIDELA NAVARRO\"><img src=\"https:\/\/dopaminecontent.com\/content\/wp-content\/uploads\/2022\/05\/FIDELA_WEB-300x300.jpg\" width=\"300\" alt=\"FIDELA NAVARRO\" \/><\/a><\/div> <div class=\"page-list-ext-item-content\"><a href=\"https:\/\/dopaminecontent.com\/content\/en\/about-us\/fidela-navarro\/\"><h3>Fidela Navarro<\/h3>\r\n<h6>CEO of Dopamine<\/h6><\/a><\/div><\/div>\n\n<\/div>[\/vc_column_text][\/vc_column][\/vc_row][vc_row padding_top_multiplier=\u00bb\u00bb padding_bottom_multiplier=\u00bb\u00bb][vc_column]<div class=\"eut-empty-space eut-height-3x\" style=\"\"><\/div>[\/vc_column][\/vc_row]<\/p>\n<\/section>","protected":false},"excerpt":{"rendered":"<p>[vc_row padding_top_multiplier=\u00bb\u00bb][vc_column][vc_column_text] Dopamine has co-produced series worldwide under the multi-window model: Mar\u00eda Magdalena (Sony, 2019), Hern\u00e1n (Onza, 2020), Close to Me (Grupo Nent, 2021); Supertitl\u00e1n (NBC, 2022) and Campamento Newton (Grupo Secuoya, 2022), Future from Above (Off the Fence, 2023); Granite Harbour (Eccho Rights and LA Productions, 2020 and 2023) and Cicatriz (Plano a Plano [&hellip;]<\/p>\n","protected":false},"author":2,"featured_media":0,"parent":0,"menu_order":22,"comment_status":"closed","ping_status":"closed","template":"","meta":{"footnotes":""},"_links":{"self":[{"href":"https:\/\/dopaminecontent.com\/content\/wp-json\/wp\/v2\/pages\/6951"}],"collection":[{"href":"https:\/\/dopaminecontent.com\/content\/wp-json\/wp\/v2\/pages"}],"about":[{"href":"https:\/\/dopaminecontent.com\/content\/wp-json\/wp\/v2\/types\/page"}],"author":[{"embeddable":true,"href":"https:\/\/dopaminecontent.com\/content\/wp-json\/wp\/v2\/users\/2"}],"replies":[{"embeddable":true,"href":"https:\/\/dopaminecontent.com\/content\/wp-json\/wp\/v2\/comments?post=6951"}],"version-history":[{"count":12,"href":"https:\/\/dopaminecontent.com\/content\/wp-json\/wp\/v2\/pages\/6951\/revisions"}],"predecessor-version":[{"id":10132,"href":"https:\/\/dopaminecontent.com\/content\/wp-json\/wp\/v2\/pages\/6951\/revisions\/10132"}],"wp:attachment":[{"href":"https:\/\/dopaminecontent.com\/content\/wp-json\/wp\/v2\/media?parent=6951"}],"curies":[{"name":"wp","href":"https:\/\/api.w.org\/{rel}","templated":true}]}}